{"id":3,"date":"2017-01-01T16:55:18","date_gmt":"2017-01-01T16:55:18","guid":{"rendered":"http:\/\/primm46187.c4.cmdwebsites.com\/blog\/?page_id=3"},"modified":"2022-03-03T06:26:39","modified_gmt":"2022-03-02T18:26:39","slug":"contact","status":"publish","type":"page","link":"https:\/\/mandiemese.hu\/blog\/contact","title":{"rendered":"Kapcsolatfelv\u00e9tel"},"content":{"rendered":"\n<p>Amennyiben szeretn\u00e9l b\u00e1rmilyen t\u00e9m\u00e1ban \u00fczenetet k\u00fcldeni vagy fot\u00f3szolg\u00e1ltat\u00e1sok ir\u00e1nt \u00e9rdekl\u0151dni, megteheted az al\u00e1bbi form kit\u00f6lt\u00e9s\u00e9vel&#8230; vagy keress telefonon: +3620 9947409. <br>K\u00f6sz\u00f6n\u00f6m!<\/p>\n","protected":false},"excerpt":{"rendered":"<p>Amennyiben szeretn\u00e9l b\u00e1rmilyen t\u00e9m\u00e1ban \u00fczenetet k\u00fcldeni vagy fot\u00f3szolg\u00e1ltat\u00e1sok ir\u00e1nt \u00e9rdekl\u0151dni, megteheted az al\u00e1bbi form kit\u00f6lt\u00e9s\u00e9vel&#8230; vagy keress telefonon: +3620 9947409. K\u00f6sz\u00f6n\u00f6m!<\/p>\n","protected":false},"author":1,"featured_media":0,"parent":0,"menu_order":0,"comment_status":"open","ping_status":"open","template":"contact-page.php","meta":[],"_links":{"self":[{"href":"https:\/\/mandiemese.hu\/blog\/wp-json\/wp\/v2\/pages\/3"}],"collection":[{"href":"https:\/\/mandiemese.hu\/blog\/wp-json\/wp\/v2\/pages"}],"about":[{"href":"https:\/\/mandiemese.hu\/blog\/wp-json\/wp\/v2\/types\/page"}],"author":[{"embeddable":true,"href":"https:\/\/mandiemese.hu\/blog\/wp-json\/wp\/v2\/users\/1"}],"replies":[{"embeddable":true,"href":"https:\/\/mandiemese.hu\/blog\/wp-json\/wp\/v2\/comments?post=3"}],"version-history":[{"count":5,"href":"https:\/\/mandiemese.hu\/blog\/wp-json\/wp\/v2\/pages\/3\/revisions"}],"predecessor-version":[{"id":169,"href":"https:\/\/mandiemese.hu\/blog\/wp-json\/wp\/v2\/pages\/3\/revisions\/169"}],"wp:attachment":[{"href":"https:\/\/mandiemese.hu\/blog\/wp-json\/wp\/v2\/media?parent=3"}],"curies":[{"name":"wp","href":"https:\/\/api.w.org\/{rel}","templated":true}]}}